{"id":23978,"date":"2022-11-14T10:08:21","date_gmt":"2022-11-14T09:08:21","guid":{"rendered":"https:\/\/www.explainnow.com\/mentions-legales\/"},"modified":"2024-02-14T11:30:54","modified_gmt":"2024-02-14T10:30:54","slug":"mentions-legales","status":"publish","type":"page","link":"https:\/\/www.explainnow.com\/fr\/mentions-legales\/","title":{"rendered":"Mentions l\u00e9gales"},"content":{"rendered":"\t\t<div data-elementor-type=\"wp-page\" data-elementor-id=\"23978\" class=\"elementor elementor-23978 elementor-486\" data-elementor-post-type=\"page\">\n\t\t\t\t<div class=\"elementor-element elementor-element-00f4a60 e-flex e-con-boxed e-con e-parent\" data-id=\"00f4a60\" data-element_type=\"container\" data-e-type=\"container\" data-settings=\"{&quot;background_background&quot;:&quot;classic&quot;}\">\n\t\t\t\t\t<div class=\"e-con-inner\">\n\t\t<div class=\"elementor-element elementor-element-abbca4e e-con-full e-flex e-con e-child\" data-id=\"abbca4e\" data-element_type=\"container\" data-e-type=\"container\">\n\t\t\t\t<div class=\"elementor-element elementor-element-bac1ec2 elementor-widget elementor-widget-heading\" data-id=\"bac1ec2\" data-element_type=\"widget\" data-e-type=\"widget\" data-settings=\"{&quot;motion_fx_motion_fx_scrolling&quot;:&quot;yes&quot;,&quot;motion_fx_translateY_effect&quot;:&quot;yes&quot;,&quot;motion_fx_translateY_speed&quot;:{&quot;unit&quot;:&quot;px&quot;,&quot;size&quot;:&quot;0.5&quot;,&quot;sizes&quot;:[]},&quot;motion_fx_translateY_affectedRange&quot;:{&quot;unit&quot;:&quot;%&quot;,&quot;size&quot;:&quot;&quot;,&quot;sizes&quot;:{&quot;start&quot;:&quot;0&quot;,&quot;end&quot;:&quot;50&quot;}},&quot;motion_fx_opacity_effect&quot;:&quot;yes&quot;,&quot;motion_fx_opacity_range&quot;:{&quot;unit&quot;:&quot;%&quot;,&quot;size&quot;:&quot;&quot;,&quot;sizes&quot;:{&quot;start&quot;:&quot;0&quot;,&quot;end&quot;:&quot;50&quot;}},&quot;motion_fx_devices&quot;:[&quot;desktop&quot;,&quot;mobile&quot;],&quot;motion_fx_opacity_direction&quot;:&quot;out-in&quot;,&quot;motion_fx_opacity_level&quot;:{&quot;unit&quot;:&quot;px&quot;,&quot;size&quot;:10,&quot;sizes&quot;:[]}}\" data-widget_type=\"heading.default\">\n\t\t\t\t<div class=\"elementor-widget-container\">\n\t\t\t\t\t<h1 class=\"elementor-heading-title elementor-size-default\">Mentions l\u00e9gales<\/h1>\t\t\t\t<\/div>\n\t\t\t\t<\/div>\n\t\t\t\t<div class=\"elementor-element elementor-element-5969589 elementor-widget elementor-widget-text-editor\" data-id=\"5969589\" data-element_type=\"widget\" data-e-type=\"widget\" data-widget_type=\"text-editor.default\">\n\t\t\t\t<div class=\"elementor-widget-container\">\n\t\t\t\t\t\t\t\t\t<p><strong>MotionPro AG<\/strong><br \/>Byfangweg 49<br \/>4051 Basel<br \/>Suisse<\/p><p>repr\u00e9sentant l\u00e9gal de l&rsquo;association :<br \/>Monsieur Matthias Gally<\/p><p>Pr\u00e9sident du conseil d&rsquo;administration (conseil de surveillance) :<br \/>Monsieur Matthias Gally<\/p><p>Courrier \u00e9lectronique : <a href=\"mailto:sales@explainnow.com\">sales@explainnow.com<\/a><br \/>Site web : <a href=\"http:\/\/www.explainnow.com\">www.explainnow.com<\/a><br \/>T\u00e9l\u00e9phone : <a title=\"Appel +41415111131 via 3CX\" href=\"https:\/\/explainnow.com\/impressum\/\" target=\"_blank\" rel=\"noopener\">+41 41 511 11 31<\/a><\/p><p><strong>Responsable du contenu r\u00e9dactionnel<\/strong><br \/>Monsieur Matthias Gally<\/p><p><strong>Num\u00e9ro d&rsquo;identification de la taxe sur le chiffre d&rsquo;affaires<\/strong><br \/>CHE-408.843.837<\/p><p><strong>Inscription au registre du commerce<\/strong><br \/>Office du registre du commerce du canton de Lucerne, CH-170.3.040.173-2<\/p><p><strong>Responsabilit\u00e9 pour les liens<\/strong><br \/>Les liens externes de notre site Internet conduisent \u00e0 des contenus de fournisseurs tiers. Seul le fournisseur concern\u00e9 est responsable de ces contenus. Ces liens seront imm\u00e9diatement supprim\u00e9s d\u00e8s que nous aurons connaissance de violations de la loi.<\/p><p><strong>Avis de droit d&rsquo;auteur<\/strong><br \/>Les contenus et les \u0153uvres que nous avons cr\u00e9\u00e9s sur ce site sont soumis au droit d&rsquo;auteur. La reproduction, le traitement, la diffusion et toute forme d&rsquo;exploitation en dehors des limites du droit d&rsquo;auteur requi\u00e8rent l&rsquo;accord \u00e9crit de l&rsquo;auteur ou du cr\u00e9ateur concern\u00e9. Dans la mesure o\u00f9 les contenus de ce site n&rsquo;ont pas \u00e9t\u00e9 cr\u00e9\u00e9s par nous-m\u00eames, les droits d&rsquo;auteur de tiers sont respect\u00e9s. En particulier, les contenus de tiers sont identifi\u00e9s comme tels. Si vous constatez malgr\u00e9 tout une violation des droits d&rsquo;auteur, nous vous prions de nous en informer. D\u00e8s que nous aurons connaissance d&rsquo;une violation de la loi, nous supprimerons imm\u00e9diatement de tels contenus.<\/p>\t\t\t\t\t\t\t\t<\/div>\n\t\t\t\t<\/div>\n\t\t\t\t<\/div>\n\t\t\t\t\t<\/div>\n\t\t\t\t<\/div>\n\t\t\t\t<\/div>\n\t\t","protected":false},"excerpt":{"rendered":"<p>Mentions l\u00e9gales MotionPro AGByfangweg 494051 BaselSuisse repr\u00e9sentant l\u00e9gal de l&rsquo;association :Monsieur Matthias Gally Pr\u00e9sident du conseil d&rsquo;administration (conseil de surveillance) :Monsieur Matthias Gally Courrier \u00e9lectronique : sales@explainnow.comSite web : www.explainnow.comT\u00e9l\u00e9phone : +41 41 511 11 31 Responsable du contenu r\u00e9dactionnelMonsieur Matthias Gally Num\u00e9ro d&rsquo;identification de la taxe sur le chiffre d&rsquo;affairesCHE-408.843.837 Inscription au registre du [&hellip;]<\/p>\n","protected":false},"author":1,"featured_media":0,"parent":0,"menu_order":0,"comment_status":"closed","ping_status":"closed","template":"elementor_header_footer","meta":{"_acf_changed":false,"inline_featured_image":false,"footnotes":""},"class_list":["post-23978","page","type-page","status-publish","hentry"],"acf":[],"_links":{"self":[{"href":"https:\/\/www.explainnow.com\/fr\/wp-json\/wp\/v2\/pages\/23978","targetHints":{"allow":["GET"]}}],"collection":[{"href":"https:\/\/www.explainnow.com\/fr\/wp-json\/wp\/v2\/pages"}],"about":[{"href":"https:\/\/www.explainnow.com\/fr\/wp-json\/wp\/v2\/types\/page"}],"author":[{"embeddable":true,"href":"https:\/\/www.explainnow.com\/fr\/wp-json\/wp\/v2\/users\/1"}],"replies":[{"embeddable":true,"href":"https:\/\/www.explainnow.com\/fr\/wp-json\/wp\/v2\/comments?post=23978"}],"version-history":[{"count":4,"href":"https:\/\/www.explainnow.com\/fr\/wp-json\/wp\/v2\/pages\/23978\/revisions"}],"predecessor-version":[{"id":30132,"href":"https:\/\/www.explainnow.com\/fr\/wp-json\/wp\/v2\/pages\/23978\/revisions\/30132"}],"wp:attachment":[{"href":"https:\/\/www.explainnow.com\/fr\/wp-json\/wp\/v2\/media?parent=23978"}],"curies":[{"name":"wp","href":"https:\/\/api.w.org\/{rel}","templated":true}]}}